{"id":19781,"date":"2021-12-08T22:09:46","date_gmt":"2021-12-08T22:09:46","guid":{"rendered":"https:\/\/entrepreneurs.utoronto.ca\/ip-education\/level-1-assignments\/"},"modified":"2022-02-02T20:30:48","modified_gmt":"2022-02-02T20:30:48","slug":"level-1-assignments","status":"publish","type":"page","link":"https:\/\/entrepreneurs.utoronto.ca\/ip-education\/level-1-assignments\/?lang=fr","title":{"rendered":"Devoirs"},"content":{"rendered":"\n<div class=\"wp-block-group wp-block-group--no-image-hero is-style-default has-white-color has-dark-blue-background-color has-text-color has-background has-link-color wp-elements-edc0aca4626a96731a42ebea6ddab7f6 is-layout-constrained wp-container-core-group-is-layout-7f9b22ca wp-block-group-is-layout-constrained\">        <div class=\"breadcrumb breadcrumb--center\">\n            ip education | Level 1        <\/div>\n    \n\n<h2 class=\"has-text-align-center wp-block-post-title has-large-font-size\">Devoirs<\/h2>\n\n\n<p class=\"has-text-align-center has-large-font-size\"><\/p>\n<\/div>\n\n\n\n<div style=\"height:60px\" aria-hidden=\"true\" class=\"wp-block-spacer\"><\/div>\n\n\n\n<div class=\"wp-block-columns wp-block-columns--narrow-sidebar is-layout-flex wp-container-core-columns-is-layout-9d6595d7 wp-block-columns-is-layout-flex\">\n<div class=\"wp-block-column wp-block-column--sidebar is-layout-flow wp-block-column-is-layout-flow\" style=\"flex-basis:25%\">\n\n    \n<div class=\"wp-block-ob-blocks-content-card has-vertical-alignment-undefined is-style-dropshadow has-dark-blue-color has-pale-grey-background-color has-text-color has-background\" style=\"padding-top:20px;padding-right:20px;padding-left:20px;padding-bottom:20px\">\n<div class=\"wp-block-group is-layout-flow wp-block-group-is-layout-flow\">\n<h4 class=\"has-text-align-left has-dark-blue-color has-text-color has-label-font-size wp-block-heading\">Contenu du module 1:<\/h4>\n\n\n\n    \n<div class=\"wp-block-ob-blocks-buttons wp-block-ob-blocks-buttons--column alignleft\">\n      <a class=\"wp-block-ob-blocks-single-button is-style-underline has-regular-font-size has-ute-blue-color\" \n        href=\"https:\/\/entrepreneurs.utoronto.ca\/ip-education\/module-1-overview\/?lang=fr\"                        ><span class=\"wp-block-ob-blocks-single-button__text\"><meta charset=\"utf-8\"><strong>Aper\u00e7u du<strong> <\/strong>module 1<\/strong><\/span>\n      <\/a>\n\n    \n\n\n      <a class=\"wp-block-ob-blocks-single-button is-style-underline has-regular-font-size has-ute-blue-color\" \n        href=\"https:\/\/entrepreneurs.utoronto.ca\/ip-education\/level-1\/module-1\/module-1-1\/?lang=fr\"                        ><span class=\"wp-block-ob-blocks-single-button__text\"><strong>1.1 &#8211; Introduction \u00e0 la propri\u00e9t\u00e9 intellectuelle (PI) et aux droits de PI<\/strong><\/span>\n      <\/a>\n\n    \n\n\n      <a class=\"wp-block-ob-blocks-single-button is-style-underline has-regular-font-size has-ute-blue-color\" \n        href=\"https:\/\/entrepreneurs.utoronto.ca\/ip-education\/level-1\/module-1\/module-1-2\/?lang=fr\"                        ><span class=\"wp-block-ob-blocks-single-button__text\">1.2 &#8211; Brevets &#8211; Conna\u00eetre les principes de base<\/span>\n      <\/a>\n\n    \n\n\n      <a class=\"wp-block-ob-blocks-single-button is-style-underline has-regular-font-size has-ute-blue-color\" \n        href=\"https:\/\/entrepreneurs.utoronto.ca\/ip-education\/level-1\/module-1\/module-1-3\/?lang=fr\"                        ><span class=\"wp-block-ob-blocks-single-button__text\">1.3 &#8211; Droit d&#8217;auteur &#8211; Conna\u00eetre les principes de base<\/span>\n      <\/a>\n\n    \n\n\n      <a class=\"wp-block-ob-blocks-single-button is-style-underline has-regular-font-size has-ute-blue-color\" \n        href=\"https:\/\/entrepreneurs.utoronto.ca\/ip-education\/level-1\/module-1\/module-1-4\/?lang=fr\"                        ><span class=\"wp-block-ob-blocks-single-button__text\">1.4 &#8211; Dessins et mod\u00e8les industriels &#8211; Conna\u00eetre les principes de base<\/span>\n      <\/a>\n\n    \n\n\n      <a class=\"wp-block-ob-blocks-single-button is-style-underline has-regular-font-size has-ute-blue-color\" \n        href=\"https:\/\/entrepreneurs.utoronto.ca\/ip-education\/level-1\/module-1\/module-1-5\/?lang=fr\"                        ><span class=\"wp-block-ob-blocks-single-button__text\">1.5 &#8211; Marques de commerce &#8211;<meta charset=\"utf-8\"> Conna\u00eetre les principes de base<\/span>\n      <\/a>\n\n    \n\n\n      <a class=\"wp-block-ob-blocks-single-button is-style-underline has-regular-font-size has-ute-blue-color\" \n        href=\"https:\/\/entrepreneurs.utoronto.ca\/ip-education\/level-1\/module-1\/module-1-6\/?lang=fr\"                        ><span class=\"wp-block-ob-blocks-single-button__text\">1.6 &#8211; Secrets commerciaux &#8211;<meta charset=\"utf-8\"> Conna\u00eetre les principes de base<\/span>\n      <\/a>\n\n    <\/div>\n\n    \n\n\n<h4 class=\"has-text-align-left has-dark-blue-color has-text-color has-label-font-size wp-block-heading\">contenu du module 2:<\/h4>\n\n\n\n    \n<div class=\"wp-block-ob-blocks-buttons wp-block-ob-blocks-buttons--column alignleft\">\n      <a class=\"wp-block-ob-blocks-single-button is-style-underline has-regular-font-size has-ute-blue-color\" \n        href=\"https:\/\/entrepreneurs.utoronto.ca\/ip-education\/module-2-overview\/?lang=fr\"                        ><span class=\"wp-block-ob-blocks-single-button__text\"><meta charset=\"utf-8\">Aper\u00e7u du module 2<\/span>\n      <\/a>\n\n    \n\n\n      <a class=\"wp-block-ob-blocks-single-button is-style-underline has-regular-font-size has-ute-blue-color\" \n        href=\"https:\/\/entrepreneurs.utoronto.ca\/ip-education\/level-1\/module-2\/module-2-1\/?lang=fr\"                        ><span class=\"wp-block-ob-blocks-single-button__text\"><meta charset=\"utf-8\">2.1 La valeur des brevets<\/span>\n      <\/a>\n\n    \n\n\n      <a class=\"wp-block-ob-blocks-single-button is-style-underline has-regular-font-size has-ute-blue-color\" \n        href=\"https:\/\/entrepreneurs.utoronto.ca\/ip-education\/level-1\/module-2\/module-2-2\/?lang=fr\"                        ><span class=\"wp-block-ob-blocks-single-button__text\"><meta charset=\"utf-8\">2.2 La valeur du droit d&#8217;auteur<\/span>\n      <\/a>\n\n    \n\n\n      <a class=\"wp-block-ob-blocks-single-button is-style-underline has-regular-font-size has-ute-blue-color\" \n        href=\"https:\/\/entrepreneurs.utoronto.ca\/ip-education\/level-1\/module-2\/module-2-3\/?lang=fr\"                        ><span class=\"wp-block-ob-blocks-single-button__text\"><meta charset=\"utf-8\">2.3 La valeur des dessins industriels<\/span>\n      <\/a>\n\n    \n\n\n      <a class=\"wp-block-ob-blocks-single-button is-style-underline has-regular-font-size has-ute-blue-color\" \n        href=\"https:\/\/entrepreneurs.utoronto.ca\/ip-education\/level-1\/module-2\/module-2-4\/?lang=fr\"                        ><span class=\"wp-block-ob-blocks-single-button__text\"><meta charset=\"utf-8\">2.4 La valeur des marques de commerce <\/span>\n      <\/a>\n\n    <\/div>\n\n    <\/div>\n<\/div>\n\n\n\n\n\n    \n<div class=\"wp-block-ob-blocks-content-card has-vertical-alignment-undefined is-style-dropshadow has-dark-blue-color has-pale-grey-background-color has-text-color has-background\" style=\"padding-top:20px;padding-right:20px;padding-left:20px;padding-bottom:20px\">\n<div class=\"wp-block-group is-layout-flow wp-block-group-is-layout-flow\">\n<h4 class=\"has-text-align-left has-dark-blue-color has-text-color has-label-font-size wp-block-heading\"><meta charset=\"utf-8\">contenu du module 3:<\/h4>\n\n\n\n    \n<div class=\"wp-block-ob-blocks-buttons wp-block-ob-blocks-buttons--column alignleft\">\n      <a class=\"wp-block-ob-blocks-single-button is-style-underline has-regular-font-size has-ute-blue-color\" \n        href=\"https:\/\/entrepreneurs.utoronto.ca\/ip-education\/level-1\/module-3\/module-3-0\/?lang=fr\"                        ><span class=\"wp-block-ob-blocks-single-button__text\"><meta charset=\"utf-8\">3.0 De\u0301posez une demande de brevet<\/span>\n      <\/a>\n\n    <\/div>\n\n    <\/div>\n<\/div>\n\n\n\n\n\n    \n<div class=\"wp-block-ob-blocks-content-card has-vertical-alignment-undefined is-style-dropshadow has-dark-blue-color has-pale-grey-background-color has-text-color has-background\" style=\"padding-top:20px;padding-right:20px;padding-left:20px;padding-bottom:20px\">\n<div class=\"wp-block-group is-layout-flow wp-block-group-is-layout-flow\">\n<h4 class=\"has-text-align-left has-dark-blue-color has-text-color has-label-font-size wp-block-heading\">\u00c9valuations<\/h4>\n\n\n\n    \n<div class=\"wp-block-ob-blocks-buttons wp-block-ob-blocks-buttons--column alignleft\">\n      <a class=\"wp-block-ob-blocks-single-button is-style-underline has-regular-font-size has-ute-blue-color\" \n        href=\"https:\/\/entrepreneurs.utoronto.ca\/ip-education\/level-1-assignments\/?lang=fr\"                        ><span class=\"wp-block-ob-blocks-single-button__text\"><strong>Devoirs<\/strong><\/span>\n      <\/a>\n\n    \n\n\n      <a class=\"wp-block-ob-blocks-single-button is-style-underline has-regular-font-size has-ute-blue-color\" \n        href=\"https:\/\/entrepreneurs.utoronto.ca\/ip-education\/ip-level-1-completion\/?lang=fr\"                        ><span class=\"wp-block-ob-blocks-single-button__text\"><strong>Ach\u00e8vement de niveau 1<\/strong><\/span>\n      <\/a>\n\n    <\/div>\n\n    <\/div>\n<\/div>\n\n\n\n\n<div style=\"height:25px\" aria-hidden=\"true\" class=\"wp-block-spacer\"><\/div>\n\n\n\n<p class=\"has-label-font-size\">Clause de non-responsabilit\u00e9<\/p>\n\n\n\n<p class=\"has-footnote-font-size\">Le contenu de ce cours est \u00e0 des fins d&#8217;information g\u00e9n\u00e9rale concernant certains principes de<br>base du droit de la propri\u00e9t\u00e9 intellectuelle. IL NE DOIT PAS \u00caTRE CONSID\u00c9R\u00c9 COMME UN<br>CONSEIL JURIDIQUE OU PROFESSIONNEL. Veuillez consulter un conseiller juridique<br>ind\u00e9pendant si vous avez une question particuli\u00e8re pour laquelle un conseil juridique est requis.<\/p>\n<\/div>\n\n\n\n<div class=\"wp-block-column wp-block-column--content is-layout-flow wp-block-column-is-layout-flow\" style=\"flex-basis:75%\">\n<div class=\"wp-block-group is-layout-flow wp-block-group-is-layout-flow\">\n<h2 class=\"has-dark-blue-color has-text-color wp-block-heading\" id=\"bon-travail-vous-avez-maintenant-termine-les-trois-modules-du-niveau-1\">Bon travail! Vous avez maintenant termin\u00e9 les trois modules du niveau 1.<\/h2>\n\n\n\n<p class=\"has-teal-color has-text-color\"><strong>Pour terminer le niveau 1 du programme d\u2019\u00e9ducation \u00e0 la propri\u00e9t\u00e9 intellectuelle, vous devez effectuer les quiz not\u00e9s suivants:<\/strong><\/p>\n\n\n\n<ul class=\"wp-block-list\"><li><strong><a href=\"https:\/\/entrepreneurs.utoronto.ca\/ip-education\/wp-content\/uploads\/sites\/4\/2022\/02\/QUIZ-Module-1_FR.pdf\" target=\"_blank\" rel=\"noreferrer noopener\">le quiz de module 1<\/a><\/strong><\/li><li><strong><a href=\"https:\/\/entrepreneurs.utoronto.ca\/ip-education\/wp-content\/uploads\/sites\/4\/2022\/02\/QUIZ-Module-2_FR.pdf\" target=\"_blank\" rel=\"noreferrer noopener\">le quiz de module 2 <\/a><\/strong><\/li><li><strong>le <a href=\"https:\/\/entrepreneurs.utoronto.ca\/ip-education\/wp-content\/uploads\/sites\/4\/2022\/02\/QUIZ-Module-3_FR.pdf\" target=\"_blank\" rel=\"noreferrer noopener\">quiz de module 3<\/a><\/strong><\/li><li><strong><a href=\"https:\/\/entrepreneurs.utoronto.ca\/ip-education\/wp-content\/uploads\/sites\/4\/2022\/02\/QUIZ-LEVEL-1-OVERALL_FR.pdf\" target=\"_blank\" rel=\"noreferrer noopener\">le quiz de niveau 1<\/a><\/strong><\/li><\/ul>\n\n\n\n<div style=\"height:16px\" aria-hidden=\"true\" class=\"wp-block-spacer\"><\/div>\n\n\n\n<p><strong>Quiz not\u00e9s:<\/strong><\/p>\n\n\n\n<p>Les \u00e9tudiants doivent obtenir une note d&#8217;au moins 80% sur les 4 quiz pour compter comme un ach\u00e8vement. Plusieurs tentatives pour obtenir une note de passage sont autoris\u00e9es.<\/p>\n\n\n\n<div style=\"height:33px\" aria-hidden=\"true\" class=\"wp-block-spacer\"><\/div>\n\n\n\n    \n<div class=\"wp-block-ob-blocks-buttons wp-block-ob-blocks-buttons--row alignleft\">\n      <a class=\"wp-block-ob-blocks-single-button is-style-default has-regular-font-size has-ute-blue-color\" \n        href=\"https:\/\/entrepreneurs.utoronto.ca\/ip-education\/level-1-quizzes\/?lang=fr\"        target=\"_blank\"                ><span class=\"wp-block-ob-blocks-single-button__text\">COMMENCER LES QUIZ NOT\u00c9S<\/span>\n      <\/a>\n\n    <\/div>\n\n    \n\n\n<p><a href=\"https:\/\/entrepreneurs.utoronto.ca\/ip-education\/ip-level-1-completion\/?lang=fr\">Cliquez ici pour Niveau 1 \u2013 Ach\u00e8vement et Prochaines \u00e9tapes<\/a><\/p>\n<\/div>\n\n\n\n<div style=\"height:100px\" aria-hidden=\"true\" class=\"wp-block-spacer\"><\/div>\n<\/div>\n<\/div>\n\n\n\n<div style=\"height:100px\" aria-hidden=\"true\" class=\"wp-block-spacer\"><\/div>\n","protected":false},"excerpt":{"rendered":"<p>Bon travail! Vous avez maintenant termin\u00e9 les trois modules du niveau 1. Pour terminer le niveau 1 du programme d\u2019\u00e9ducation \u00e0 la propri\u00e9t\u00e9 intellectuelle, vous devez effectuer les quiz not\u00e9s suivants: le quiz de module 1 le quiz de module 2 le quiz de module 3 le quiz de niveau 1 Quiz not\u00e9s: Les \u00e9tudiants doivent obtenir une note d&#8217;au moins 80% sur les 4 quiz pour compter comme un&#8230;<\/p>\n","protected":false},"author":4,"featured_media":0,"parent":0,"menu_order":0,"comment_status":"closed","ping_status":"closed","template":"","meta":{"_acf_changed":false,"footnotes":""},"class_list":["post-19781","page","type-page","status-publish","hentry"],"acf":[],"_links":{"self":[{"href":"https:\/\/entrepreneurs.utoronto.ca\/ip-education\/wp-json\/wp\/v2\/pages\/19781","targetHints":{"allow":["GET"]}}],"collection":[{"href":"https:\/\/entrepreneurs.utoronto.ca\/ip-education\/wp-json\/wp\/v2\/pages"}],"about":[{"href":"https:\/\/entrepreneurs.utoronto.ca\/ip-education\/wp-json\/wp\/v2\/types\/page"}],"author":[{"embeddable":true,"href":"https:\/\/entrepreneurs.utoronto.ca\/ip-education\/wp-json\/wp\/v2\/users\/4"}],"replies":[{"embeddable":true,"href":"https:\/\/entrepreneurs.utoronto.ca\/ip-education\/wp-json\/wp\/v2\/comments?post=19781"}],"version-history":[{"count":5,"href":"https:\/\/entrepreneurs.utoronto.ca\/ip-education\/wp-json\/wp\/v2\/pages\/19781\/revisions"}],"predecessor-version":[{"id":20267,"href":"https:\/\/entrepreneurs.utoronto.ca\/ip-education\/wp-json\/wp\/v2\/pages\/19781\/revisions\/20267"}],"wp:attachment":[{"href":"https:\/\/entrepreneurs.utoronto.ca\/ip-education\/wp-json\/wp\/v2\/media?parent=19781"}],"curies":[{"name":"wp","href":"https:\/\/api.w.org\/{rel}","templated":true}]}}